{"id":321,"date":"2023-06-29T13:40:48","date_gmt":"2023-06-29T11:40:48","guid":{"rendered":"http:\/\/stephsecretaire.com\/?page_id=321"},"modified":"2023-06-29T15:58:27","modified_gmt":"2023-06-29T13:58:27","slug":"mentions-legales","status":"publish","type":"page","link":"https:\/\/stephsecretaire.com\/index.php\/mentions-legales\/","title":{"rendered":"MENTIONS LEGALES"},"content":{"rendered":"<p>[et_pb_section fb_built=\u00a0\u00bb1&Prime; theme_builder_area=\u00a0\u00bbpost_content\u00a0\u00bb _builder_version=\u00a0\u00bb4.21.0&Prime; _module_preset=\u00a0\u00bbdefault\u00a0\u00bb][et_pb_row _builder_version=\u00a0\u00bb4.21.0&Prime; _module_preset=\u00a0\u00bbdefault\u00a0\u00bb theme_builder_area=\u00a0\u00bbpost_content\u00a0\u00bb][et_pb_column _builder_version=\u00a0\u00bb4.21.0&Prime; _module_preset=\u00a0\u00bbdefault\u00a0\u00bb type=\u00a0\u00bb4_4&Prime; theme_builder_area=\u00a0\u00bbpost_content\u00a0\u00bb hover_enabled=\u00a0\u00bb0&Prime; sticky_enabled=\u00a0\u00bb0&Prime;][et_pb_text _builder_version=\u00a0\u00bb4.21.0&Prime; _module_preset=\u00a0\u00bbdefault\u00a0\u00bb theme_builder_area=\u00a0\u00bbpost_content\u00a0\u00bb hover_enabled=\u00a0\u00bb0&Prime; sticky_enabled=\u00a0\u00bb0&Prime; text_font_size=\u00a0\u00bb21px\u00a0\u00bb text_font=\u00a0\u00bb||||on|on|||\u00a0\u00bb]<\/p>\n<p>Mentions l\u00e9gales<\/p>\n<p>[\/et_pb_text][\/et_pb_column][\/et_pb_row][et_pb_row _builder_version=\u00a0\u00bb4.21.0&Prime; _module_preset=\u00a0\u00bbdefault\u00a0\u00bb theme_builder_area=\u00a0\u00bbpost_content\u00a0\u00bb][et_pb_column _builder_version=\u00a0\u00bb4.21.0&Prime; _module_preset=\u00a0\u00bbdefault\u00a0\u00bb type=\u00a0\u00bb4_4&Prime; theme_builder_area=\u00a0\u00bbpost_content\u00a0\u00bb][et_pb_text _builder_version=\u00a0\u00bb4.21.0&Prime; _module_preset=\u00a0\u00bbdefault\u00a0\u00bb theme_builder_area=\u00a0\u00bbpost_content\u00a0\u00bb hover_enabled=\u00a0\u00bb0&Prime; sticky_enabled=\u00a0\u00bb0&Prime; header_2_font_size=\u00a0\u00bb14px\u00a0\u00bb header_2_text_color=\u00a0\u00bb#0B8E36&Prime;]<\/p>\n<p><span style=\"color: #000000;\">Editeur du site :<\/span><br \/>St\u00e9ph Secr\u00e9taire.com<\/p>\n<p><span style=\"color: #000000;\">Responsable de la publication : <br \/><\/span>St\u00e9phanie DESCOURS<\/p>\n<p>&nbsp;<\/p>\n<p><span style=\"color: #000000;\">H\u00e9bergeur du site Internet :<\/span><br \/>OVH<br \/>http:\/\/www.ovh.com<br \/>adresse :\u00a0 <span lang=\"fr\">2 rue Kellermann \u2013 BP 80157 59053 ROUBAIX CEDEX 1<\/span><\/p>\n<p><span style=\"color: #000000;\">Conception et r\u00e9alisation du site Internet :<\/span><br \/>St\u00e9phanie DESCOURS<\/p>\n<p><span style=\"color: #000000;\"><\/span><\/p>\n<p><span style=\"color: #000000;\"><\/span><\/p>\n<p><span style=\"color: #000000;\">Cookies :<\/span><br \/>Un cookie est un petit fichier texte enregistr\u00e9 par un site Web sur votre disque dur. Les cookies n\u2019endommagent nullement votre ordinateur et ne contiennent pas de virus. Les cookies de nos pages Web ne recueillent aucune donn\u00e9e personnelle vous concernant. A tout moment, vous pouvez d\u00e9sactiver l\u2019utilisation de cookies par le biais du param\u00e9trage de votre navigateur. La dur\u00e9e de conservation de ces informations dans votre ordinateur est de 30 jours. En r\u00e8gle g\u00e9n\u00e9rale, notre site Web contient des cookies uniquement \u00e0 des fins d\u2019\u00e9valuation statistique anonyme et pour am\u00e9liorer la navigation des internautes.<\/p>\n<p>&nbsp;<\/p>\n<p><span style=\"color: #000000;\">Avis concernant l&rsquo;utilisation du contenu :<\/span><br \/>En acc\u00e9dant aux pages Web du site , vous acceptez dans leur int\u00e9gralit\u00e9 les conditions d&rsquo;utilisation suivantes. Le contenu des pages Web du site est prot\u00e9g\u00e9 par les lois en vigueur sur la propri\u00e9t\u00e9 intellectuelle. Tous les droits qui ne sont pas express\u00e9ment conc\u00e9d\u00e9s sont r\u00e9serv\u00e9s par l&rsquo;Editeur. Il est interdit de reproduire, repr\u00e9senter, transf\u00e9rer, distribuer, ou d&rsquo;enregistrer tout ou partie de ces \u00e9l\u00e9ments, sous quelque forme que ce soit, sans l&rsquo;accord pr\u00e9alable et \u00e9crit de l&rsquo;Editeur sous r\u00e9serve de l&rsquo;autorisation suivante. L&rsquo;Editeur vous autorise \u00e0 visualiser, \u00e0 parcourir et \u00e0 consulter les pages Web de son site sur votre ordinateur personnel au moyen d&rsquo;un navigateur, et \u00e0 imprimer des extraits de ces pages seulement dans un but d&rsquo;utilisation priv\u00e9e et personnelle excluant toute redistribution non autoris\u00e9e par \u00e9crit par l&rsquo;Editeur. L&rsquo;Editeur se r\u00e9serve le droit de modifier \u00e0 tout moment les pr\u00e9sentes conditions d&rsquo;utilisation, ses pages Web et\/ou de retirer \u00e0 tout moment l&rsquo;acc\u00e8s \u00e0 ces pages.<\/p>\n<p>&nbsp;<\/p>\n<p><span style=\"color: #000000;\">Cr\u00e9dits photos :<\/span><br \/>xxxxxxxxxxxxxxxxxxxxxxxxxxxxx<\/p>\n<p>[\/et_pb_text][\/et_pb_column][\/et_pb_row][\/et_pb_section]<\/p>\n","protected":false},"excerpt":{"rendered":"<p>Mentions l\u00e9galesEditeur du site :St\u00e9ph Secr\u00e9taire.com Responsable de la publication : St\u00e9phanie DESCOURS &nbsp; H\u00e9bergeur du site Internet :OVHhttp:\/\/www.ovh.comadresse :\u00a0 2 rue Kellermann \u2013 BP 80157 59053 ROUBAIX CEDEX 1 Conception et r\u00e9alisation du site Internet :St\u00e9phanie DESCOURS Cookies :Un cookie est un petit fichier texte enregistr\u00e9 par un site Web sur votre disque dur. [&hellip;]<\/p>\n","protected":false},"author":1,"featured_media":0,"parent":0,"menu_order":0,"comment_status":"closed","ping_status":"closed","template":"","meta":{"_et_pb_use_builder":"on","_et_pb_old_content":"","_et_gb_content_width":"","footnotes":""},"class_list":["post-321","page","type-page","status-publish","hentry"],"yoast_head":"<!-- This site is optimized with the Yoast SEO plugin v27.5 - https:\/\/yoast.com\/product\/yoast-seo-wordpress\/ -->\n<title>MENTIONS LEGALES - St\u00e9ph Secr\u00e9taire<\/title>\n<meta name=\"robots\" content=\"index, follow, max-snippet:-1, max-image-preview:large, max-video-preview:-1\" \/>\n<link rel=\"canonical\" href=\"https:\/\/stephsecretaire.com\/index.php\/mentions-legales\/\" \/>\n<meta property=\"og:locale\" content=\"fr_FR\" \/>\n<meta property=\"og:type\" content=\"article\" \/>\n<meta property=\"og:title\" content=\"MENTIONS LEGALES - St\u00e9ph Secr\u00e9taire\" \/>\n<meta property=\"og:description\" content=\"Mentions l\u00e9galesEditeur du site :St\u00e9ph Secr\u00e9taire.com Responsable de la publication : St\u00e9phanie DESCOURS &nbsp; H\u00e9bergeur du site Internet :OVHhttp:\/\/www.ovh.comadresse :\u00a0 2 rue Kellermann \u2013 BP 80157 59053 ROUBAIX CEDEX 1 Conception et r\u00e9alisation du site Internet :St\u00e9phanie DESCOURS Cookies :Un cookie est un petit fichier texte enregistr\u00e9 par un site Web sur votre disque dur. [&hellip;]\" \/>\n<meta property=\"og:url\" content=\"https:\/\/stephsecretaire.com\/index.php\/mentions-legales\/\" \/>\n<meta property=\"og:site_name\" content=\"St\u00e9ph Secr\u00e9taire\" \/>\n<meta property=\"article:modified_time\" content=\"2023-06-29T13:58:27+00:00\" \/>\n<meta name=\"twitter:card\" content=\"summary_large_image\" \/>\n<meta name=\"twitter:label1\" content=\"Dur\u00e9e de lecture estim\u00e9e\" \/>\n\t<meta name=\"twitter:data1\" content=\"2 minutes\" \/>\n<script type=\"application\/ld+json\" class=\"yoast-schema-graph\">{\"@context\":\"https:\\\/\\\/schema.org\",\"@graph\":[{\"@type\":\"WebPage\",\"@id\":\"https:\\\/\\\/stephsecretaire.com\\\/index.php\\\/mentions-legales\\\/\",\"url\":\"https:\\\/\\\/stephsecretaire.com\\\/index.php\\\/mentions-legales\\\/\",\"name\":\"MENTIONS LEGALES - St\u00e9ph Secr\u00e9taire\",\"isPartOf\":{\"@id\":\"https:\\\/\\\/stephsecretaire.com\\\/#website\"},\"datePublished\":\"2023-06-29T11:40:48+00:00\",\"dateModified\":\"2023-06-29T13:58:27+00:00\",\"breadcrumb\":{\"@id\":\"https:\\\/\\\/stephsecretaire.com\\\/index.php\\\/mentions-legales\\\/#breadcrumb\"},\"inLanguage\":\"fr-FR\",\"potentialAction\":[{\"@type\":\"ReadAction\",\"target\":[\"https:\\\/\\\/stephsecretaire.com\\\/index.php\\\/mentions-legales\\\/\"]}]},{\"@type\":\"BreadcrumbList\",\"@id\":\"https:\\\/\\\/stephsecretaire.com\\\/index.php\\\/mentions-legales\\\/#breadcrumb\",\"itemListElement\":[{\"@type\":\"ListItem\",\"position\":1,\"name\":\"Accueil\",\"item\":\"https:\\\/\\\/stephsecretaire.com\\\/\"},{\"@type\":\"ListItem\",\"position\":2,\"name\":\"MENTIONS LEGALES\"}]},{\"@type\":\"WebSite\",\"@id\":\"https:\\\/\\\/stephsecretaire.com\\\/#website\",\"url\":\"https:\\\/\\\/stephsecretaire.com\\\/\",\"name\":\"St\u00e9ph Secr\u00e9taire\",\"description\":\"Secr\u00e9taire ind\u00e9pendante\",\"publisher\":{\"@id\":\"https:\\\/\\\/stephsecretaire.com\\\/#organization\"},\"potentialAction\":[{\"@type\":\"SearchAction\",\"target\":{\"@type\":\"EntryPoint\",\"urlTemplate\":\"https:\\\/\\\/stephsecretaire.com\\\/?s={search_term_string}\"},\"query-input\":{\"@type\":\"PropertyValueSpecification\",\"valueRequired\":true,\"valueName\":\"search_term_string\"}}],\"inLanguage\":\"fr-FR\"},{\"@type\":\"Organization\",\"@id\":\"https:\\\/\\\/stephsecretaire.com\\\/#organization\",\"name\":\"St\u00e9ph Secr\u00e9taire\",\"url\":\"https:\\\/\\\/stephsecretaire.com\\\/\",\"logo\":{\"@type\":\"ImageObject\",\"inLanguage\":\"fr-FR\",\"@id\":\"https:\\\/\\\/stephsecretaire.com\\\/#\\\/schema\\\/logo\\\/image\\\/\",\"url\":\"https:\\\/\\\/stephsecretaire.com\\\/wp-content\\\/uploads\\\/2023\\\/06\\\/logo-steph-secretaire.png\",\"contentUrl\":\"https:\\\/\\\/stephsecretaire.com\\\/wp-content\\\/uploads\\\/2023\\\/06\\\/logo-steph-secretaire.png\",\"width\":200,\"height\":228,\"caption\":\"St\u00e9ph Secr\u00e9taire\"},\"image\":{\"@id\":\"https:\\\/\\\/stephsecretaire.com\\\/#\\\/schema\\\/logo\\\/image\\\/\"}}]}<\/script>\n<!-- \/ Yoast SEO plugin. -->","yoast_head_json":{"title":"MENTIONS LEGALES - St\u00e9ph Secr\u00e9taire","robots":{"index":"index","follow":"follow","max-snippet":"max-snippet:-1","max-image-preview":"max-image-preview:large","max-video-preview":"max-video-preview:-1"},"canonical":"https:\/\/stephsecretaire.com\/index.php\/mentions-legales\/","og_locale":"fr_FR","og_type":"article","og_title":"MENTIONS LEGALES - St\u00e9ph Secr\u00e9taire","og_description":"Mentions l\u00e9galesEditeur du site :St\u00e9ph Secr\u00e9taire.com Responsable de la publication : St\u00e9phanie DESCOURS &nbsp; H\u00e9bergeur du site Internet :OVHhttp:\/\/www.ovh.comadresse :\u00a0 2 rue Kellermann \u2013 BP 80157 59053 ROUBAIX CEDEX 1 Conception et r\u00e9alisation du site Internet :St\u00e9phanie DESCOURS Cookies :Un cookie est un petit fichier texte enregistr\u00e9 par un site Web sur votre disque dur. [&hellip;]","og_url":"https:\/\/stephsecretaire.com\/index.php\/mentions-legales\/","og_site_name":"St\u00e9ph Secr\u00e9taire","article_modified_time":"2023-06-29T13:58:27+00:00","twitter_card":"summary_large_image","twitter_misc":{"Dur\u00e9e de lecture estim\u00e9e":"2 minutes"},"schema":{"@context":"https:\/\/schema.org","@graph":[{"@type":"WebPage","@id":"https:\/\/stephsecretaire.com\/index.php\/mentions-legales\/","url":"https:\/\/stephsecretaire.com\/index.php\/mentions-legales\/","name":"MENTIONS LEGALES - St\u00e9ph Secr\u00e9taire","isPartOf":{"@id":"https:\/\/stephsecretaire.com\/#website"},"datePublished":"2023-06-29T11:40:48+00:00","dateModified":"2023-06-29T13:58:27+00:00","breadcrumb":{"@id":"https:\/\/stephsecretaire.com\/index.php\/mentions-legales\/#breadcrumb"},"inLanguage":"fr-FR","potentialAction":[{"@type":"ReadAction","target":["https:\/\/stephsecretaire.com\/index.php\/mentions-legales\/"]}]},{"@type":"BreadcrumbList","@id":"https:\/\/stephsecretaire.com\/index.php\/mentions-legales\/#breadcrumb","itemListElement":[{"@type":"ListItem","position":1,"name":"Accueil","item":"https:\/\/stephsecretaire.com\/"},{"@type":"ListItem","position":2,"name":"MENTIONS LEGALES"}]},{"@type":"WebSite","@id":"https:\/\/stephsecretaire.com\/#website","url":"https:\/\/stephsecretaire.com\/","name":"St\u00e9ph Secr\u00e9taire","description":"Secr\u00e9taire ind\u00e9pendante","publisher":{"@id":"https:\/\/stephsecretaire.com\/#organization"},"potentialAction":[{"@type":"SearchAction","target":{"@type":"EntryPoint","urlTemplate":"https:\/\/stephsecretaire.com\/?s={search_term_string}"},"query-input":{"@type":"PropertyValueSpecification","valueRequired":true,"valueName":"search_term_string"}}],"inLanguage":"fr-FR"},{"@type":"Organization","@id":"https:\/\/stephsecretaire.com\/#organization","name":"St\u00e9ph Secr\u00e9taire","url":"https:\/\/stephsecretaire.com\/","logo":{"@type":"ImageObject","inLanguage":"fr-FR","@id":"https:\/\/stephsecretaire.com\/#\/schema\/logo\/image\/","url":"https:\/\/stephsecretaire.com\/wp-content\/uploads\/2023\/06\/logo-steph-secretaire.png","contentUrl":"https:\/\/stephsecretaire.com\/wp-content\/uploads\/2023\/06\/logo-steph-secretaire.png","width":200,"height":228,"caption":"St\u00e9ph Secr\u00e9taire"},"image":{"@id":"https:\/\/stephsecretaire.com\/#\/schema\/logo\/image\/"}}]}},"_links":{"self":[{"href":"https:\/\/stephsecretaire.com\/index.php\/wp-json\/wp\/v2\/pages\/321","targetHints":{"allow":["GET"]}}],"collection":[{"href":"https:\/\/stephsecretaire.com\/index.php\/wp-json\/wp\/v2\/pages"}],"about":[{"href":"https:\/\/stephsecretaire.com\/index.php\/wp-json\/wp\/v2\/types\/page"}],"author":[{"embeddable":true,"href":"https:\/\/stephsecretaire.com\/index.php\/wp-json\/wp\/v2\/users\/1"}],"replies":[{"embeddable":true,"href":"https:\/\/stephsecretaire.com\/index.php\/wp-json\/wp\/v2\/comments?post=321"}],"version-history":[{"count":4,"href":"https:\/\/stephsecretaire.com\/index.php\/wp-json\/wp\/v2\/pages\/321\/revisions"}],"predecessor-version":[{"id":365,"href":"https:\/\/stephsecretaire.com\/index.php\/wp-json\/wp\/v2\/pages\/321\/revisions\/365"}],"wp:attachment":[{"href":"https:\/\/stephsecretaire.com\/index.php\/wp-json\/wp\/v2\/media?parent=321"}],"curies":[{"name":"wp","href":"https:\/\/api.w.org\/{rel}","templated":true}]}}